{"id":156,"date":"2017-03-05T12:16:04","date_gmt":"2017-03-05T12:16:04","guid":{"rendered":"https:\/\/lasite.fi\/?page_id=156"},"modified":"2025-01-01T20:18:23","modified_gmt":"2025-01-01T18:18:23","slug":"tilaus-ja-toimitusehdot","status":"publish","type":"page","link":"https:\/\/lasite.fi\/index.php\/toimitus\/tilaus-ja-toimitusehdot\/","title":{"rendered":"Tilaus- ja toimitusehdot"},"content":{"rendered":"<p><span style=\"font-family: Times New Roman,serif;\"><span style=\"font-size: medium;\">Voimassa 01.03.2017 alkaen<\/span><\/span><\/p>\n<ol>\n<li><span style=\"font-family: Times New Roman,serif;\"><span style=\"font-size: medium;\">Lasiteaitta on Tavarakota Oy:n <\/span><\/span><span style=\"font-family: Times New Roman,serif;\"><span style=\"font-size: medium;\">(Y: 2811511-7) <\/span><\/span><span style=\"font-family: Times New Roman,serif;\"><span style=\"font-size: medium;\">verkkokauppa osoitteessa www.lasite.fi. Verkkokauppa myy tuotteita t\u00e4ysi-ik\u00e4isille yksityishenkil\u00f6ille ja yrityksille Suomessa. N\u00e4it\u00e4 sopimusehtoja sovelletaan Tavarakota Oy:n ja sen asiakkaiden v\u00e4lisess\u00e4 kauppasuhteessa. Tilauksiin sovelletaan tilaushetkell\u00e4 voimassa olevia sopimusehtoja, jotka ovat luettavissa lasite.fi kotisivuilta.<\/span><\/span><\/li>\n<li><span style=\"font-family: Times New Roman,serif;\"><span style=\"font-size: medium;\">Asiakkaiden tiedot tallennetaan Tavarakota Oy:n Lasiteaitan asiakasrekisteriin<\/span><\/span><span style=\"font-family: Times New Roman,serif;\"><span style=\"font-size: medium;\">, <\/span><\/span><span style=\"font-family: Times New Roman,serif;\"><span style=\"font-size: medium;\">jossa olevia tietoja k\u00e4ytet\u00e4\u00e4n asiakassuhteen yll\u00e4pit\u00e4mise<\/span><\/span><span style=\"color: #000000;\"><span style=\"font-family: Times New Roman,serif;\"><span style=\"font-size: medium;\">en sis\u00e4lt\u00e4en suoramarkkinoinnin s\u00e4hk\u00f6postitse enint\u00e4\u00e4n 5 kertaa vuodessa. Asiakas voi kielt\u00e4\u00e4 tietojensa<\/span><\/span><\/span> <span style=\"color: #000000;\"><span style=\"font-family: Times New Roman,serif;\"><span style=\"font-size: medium;\">k\u00e4yt\u00f6n markkinointitarkoituksiin ja tarkistaa itse\u00e4\u00e4n koskevat tiedot ottamalla yhteytt\u00e4 Tavarakota Oy:n asiakaspalvelun s\u00e4hk\u00f6postiosoitteeseen <\/span><\/span><\/span><a href=\"mailto:info@lasite.fi\"><span style=\"font-family: Times New Roman,serif;\"><span style=\"font-size: medium;\">info@lasite.fi<\/span><\/span><\/a><span style=\"color: #000000;\"><span style=\"font-family: Times New Roman,serif;\"><span style=\"font-size: medium;\"> . Asiakasrekisterin tietoja ei luovuteta Tavarakota Oy:n ulkopuolelle. <\/span><\/span><\/span><span style=\"color: #000000;\"><span style=\"font-family: Times New Roman,serif;\"><span style=\"font-size: medium;\">Henkil\u00f6tietolain mukainen rekisteriseloste<\/span><\/span><\/span><span style=\"color: #000000;\"><span style=\"font-family: Times New Roman,serif;\"><span style=\"font-size: medium;\"> on <\/span><\/span><\/span><span style=\"color: #000000;\"><span style=\"font-family: Times New Roman,serif;\"><span style=\"font-size: medium;\">n\u00e4ht\u00e4viss\u00e4 www.lasiteaitta.fi\/rekisteriseloste. <\/span><\/span><\/span><\/li>\n<li><span style=\"color: #000000;\"><span style=\"font-family: Times New Roman,serif;\"><span style=\"font-size: medium;\">Tuotteet tilataan ostoskorin kautta osoitteesta <\/span><\/span><\/span><a href=\"http:\/\/www.XXX.fi\/\"><span style=\"font-family: Times New Roman,serif;\"><span style=\"font-size: medium;\">www.lasite.fi<\/span><\/span><\/a><span style=\"color: #000000;\"><span style=\"font-family: Times New Roman,serif;\"><span style=\"font-size: medium;\">. Kaikki tilaukset vahvistetaan s\u00e4hk\u00f6postilla, jossa <\/span><\/span><\/span><span style=\"color: #000000;\"><span style=\"font-family: Times New Roman,serif;\"><span style=\"font-size: medium;\">ilmoitetaan <\/span><\/span><\/span><span style=\"color: #000000;\"><span style=\"font-family: Times New Roman,serif;\"><span style=\"font-size: medium;\">tilauksen hinta, toimituskulut, tilatut tuotteet sek\u00e4 veron osuus. Tuotteiden tilaaminen ja tilausvahvistuksen saaminen edellytt\u00e4\u00e4 s\u00e4hk\u00f6postiosoitteen ilmoittamista tilauksen yhteydess\u00e4.<\/span><\/span><\/span><\/li>\n<li><span style=\"color: #000000;\"><span style=\"font-family: Times New Roman,serif;\"><span style=\"font-size: medium;\">Tavarakota Oy ei ole ALV-velvollinen, nettikaupassa n\u00e4kyviin hintoihin ei lis\u00e4\u00e4nny arvonlis\u00e4vero. <\/span><\/span><\/span><span style=\"color: #000000;\"><span style=\"font-family: Times New Roman,serif;\"><span style=\"font-size: medium;\">Tuotteiden l\u00e4hetykseen lis\u00e4t\u00e4\u00e4n toimitusmaksu, joka riippuu asiakkaan valitsemasta toimitustavasta, pakkauksen painosta ja kollien m\u00e4\u00e4r\u00e4st\u00e4. Noutopisteeseen tai pakettiautomaattiin tilattu l\u00e4hetys tulee noutaa 7 p\u00e4iv\u00e4n kuluessa noutoilmoituksen l\u00e4hett\u00e4misest\u00e4. Toimitustavat ja -hinnasto on n\u00e4ht\u00e4viss\u00e4 lasiteaitta.fi\/ehdot\/hinnat\/. Tavarakota Oy ei peri tilauksista laskutus-, pakkaus- eik\u00e4 muita k\u00e4sittelymaksuja.<\/span><\/span><\/span><\/li>\n<li><span style=\"color: #000000;\"><span style=\"font-family: Times New Roman,serif;\"><span style=\"font-size: medium;\">Rikkin\u00e4isest\u00e4 pakkauksesta tulee tehd\u00e4 valitus rahdinkuljettajalle ennen pakkauksen avaamista, tuotteiden kunto on todettava kuljettajan l\u00e4sn\u00e4 ollessa ja <\/span><\/span><\/span><span style=\"color: #000000;\"><span style=\"font-family: Times New Roman,serif;\"><span style=\"font-size: medium;\">rahtikirjaan on <\/span><\/span><\/span><span style=\"color: #000000;\"><span style=\"font-family: Times New Roman,serif;\"><span style=\"font-size: medium;\">teht\u00e4v\u00e4 merkint\u00e4 vaurioista.<\/span><\/span><\/span><\/li>\n<li><span style=\"color: #000000;\"><span style=\"font-family: Times New Roman,serif;\"><span style=\"font-size: medium;\">Verkkokaupan ainoa maksutapa on ennakkomaksu. Tilausta suorittaessaan asiakas saa tilausvahvistuksen, jotka on voimassa 3 arkip\u00e4iv\u00e4\u00e4. Jos maksua ei ole suoritettu 3 p\u00e4iv\u00e4n kuluessa tilauksen j\u00e4tt\u00e4misest\u00e4, tilaus peruuntuu. Tuotteet l\u00e4hetett\u00e4\u00e4n asiakkaalle 1-3 arkip\u00e4iv\u00e4n kuluessa siit\u00e4, kun maksu on saapunut tilillemme. Hyv\u00e4ksym\u00e4ll\u00e4 n\u00e4m\u00e4 ehdot asiakas suostuu siihen, ett\u00e4 tilausvahvistus l\u00e4hetett\u00e4\u00e4n s\u00e4hk\u00f6isess\u00e4 muodossa ja paperilasku tuotteiden yhteydess\u00e4.<\/span><\/span><\/span><\/li>\n<li><span style=\"font-family: Times New Roman,serif;\"><span style=\"font-size: medium;\">Palautusoikeus k\u00e4ytt\u00e4m\u00e4tt\u00f6m\u00e4lle ja myyntikelpoiselle tuotteelle on 14 p\u00e4iv\u00e4\u00e4 toimituksen vastaanottamisesta. Palautusoikeus koskee vain alkuper\u00e4ispakkauksessa olevia k\u00e4ytt\u00e4m\u00e4tt\u00f6mi\u00e4 (avaamattomia) ja myyntikelpoisia tuotteita. Tuotteiden palauttamisen <span class=\"_5yl5\">yhteydess\u00e4<\/span> tulee ottaa yhteytt\u00e4 Tavarakota Oy:n asiakaspalvelun <\/span><\/span><span style=\"color: #000000;\"><span style=\"font-family: Times New Roman,serif;\"><span style=\"font-size: medium;\">s\u00e4hk\u00f6postiin <\/span><\/span><\/span><a href=\"mailto:info@lasite.fi\"><span style=\"font-family: Times New Roman,serif;\"><span style=\"font-size: medium;\">info@lasite.fi<\/span><\/span><\/a><span style=\"color: #000000;\"><span style=\"font-family: Times New Roman,serif;\"><span style=\"font-size: medium;\">. Tuotteiden palautuskuluista vastaa asiakas. Tavarakota Oy suorittaa takaisinmaksun palautetuista tuotteista <\/span><\/span><\/span><span style=\"color: #333333;\"><span style=\"font-family: Times New Roman,serif;\"><span style=\"font-size: medium;\">asiakkaan tilille<\/span><\/span><\/span><span style=\"color: #000000;\"><span style=\"font-family: Times New Roman,serif;\"><span style=\"font-size: medium;\"> p<\/span><\/span><\/span><span style=\"color: #333333;\"><span style=\"font-family: Times New Roman,serif;\"><span style=\"font-size: medium;\">alautuksen vastaanoton ja k\u00e4sittelyn j\u00e4lkeen. Toimitusmaksua ei palautetta.<\/span><\/span><\/span><\/li>\n<li><span style=\"font-family: Times New Roman,serif;\"><span style=\"font-size: medium;\">Vapaamuotoisen reklamaation, joka sis\u00e4lt\u00e4\u00e4 asiakkaan nimen, osoitteen, puhelinnumeron ja tilausnumeron, voi toimittaa s\u00e4hk\u00f6postilla osoitteeseen\u00a0<a href=\"mailto:info@lasite.fi\">info@lasite.fi<\/a> . Tavarakota<\/span><\/span><span style=\"font-family: Times New Roman,serif;\"><span style=\"font-size: medium;\"> Oy ei vastaa tuotteen ja\/tai palvelun asiakkaalle aiheuttamasta v\u00e4litt\u00f6m\u00e4st\u00e4 tai v\u00e4lillisest\u00e4 menetyksest\u00e4, vahingosta tai tulon menetyksest\u00e4.<\/span><\/span> <span style=\"font-family: Times New Roman,serif;\"><span style=\"font-size: medium;\">J\u00e4tt\u00e4ess\u00e4\u00e4n tilauksen asiakas hyv\u00e4ksyy kiistattomasti Tavarakota Oy:n sopimusehdot.<\/span><\/span><\/li>\n<\/ol>\n<h2>Rekisteriseloste<\/h2>\n<p><span style=\"font-size: small;\">Henkil\u00f6tietolaki (523\/1999) 10 \u00a7 <\/span><\/p>\n<p>Laatimisp\u00e4iv\u00e4 10.3.2017.<\/p>\n<p><strong>Rekisterinpit\u00e4j\u00e4<\/strong><\/p>\n<p>Tavarakota Oy (j\u00e4ljemp\u00e4n\u00e4 \u201cRekisterinpit\u00e4j\u00e4\u201d)<\/p>\n<p>Y-tunnus: 2811511-7<\/p>\n<p>Postiosoite: Helsingintie 1869, 31470 Somerniemi<\/p>\n<p>WWW-sivut: https:\/\/lasite.fi<\/p>\n<p>S\u00e4hk\u00f6posti: info@lasite.fi<\/p>\n<p><strong>Yhteyshenkil\u00f6 <\/strong><\/p>\n<p>Pille Hallika, info@lasite.fi, puhelin: 040 654 0222<\/p>\n<p><strong>Rekisterin nimi<\/strong><\/p>\n<p>Lasiteaitta verkkokaupan asiakasrekisteri<\/p>\n<p><strong>Henkil\u00f6tietojen k\u00e4sittelyn tarkoitus<\/strong><\/p>\n<p>Rekisteri\u00e4 k\u00e4ytet\u00e4\u00e4n asiakassuhteiden hoitoon, yll\u00e4pitoon sek\u00e4 asiakkuuden hallinnointiin, analysointiin ja kehitt\u00e4miseen. Henkil\u00f6tietoja voidaan k\u00e4ytt\u00e4\u00e4 my\u00f6s liiketoiminnan analysointiin ja kehitt\u00e4miseen. Lis\u00e4ksi tietoja k\u00e4ytet\u00e4\u00e4n rekisterinpit\u00e4j\u00e4n markkinointiin. Rekister\u00f6idyll\u00e4 on oikeus kielt\u00e4\u00e4 h\u00e4neen kohdistettu suoramarkkinointi.<\/p>\n<p><strong>Rekisterin tietosis\u00e4lt\u00f6 <\/strong><\/p>\n<p>Rekisteri voi sis\u00e4lt\u00e4\u00e4 seuraavia tietoja:<\/p>\n<ul>\n<li>asiakasnumero,<\/li>\n<li>etu- ja sukunimi,<\/li>\n<li>s\u00e4hk\u00f6postiosoite,<\/li>\n<li>puhelinnumero,<\/li>\n<li>postiosoite,<\/li>\n<li>postinumero- ja toimipaikka,<\/li>\n<li>tiedot asiakkaan tilaamista tuotteista ja palveluista, niiden toimittamisesta ja laskuttamisesta,<\/li>\n<li>tieto markkinointiluvan kiellosta,<\/li>\n<li>asiakkaan ilmoittamat asiakassuhteen hoitoon liittyv\u00e4t tiedot.<\/li>\n<\/ul>\n<p><strong>S\u00e4\u00e4nn\u00f6nmukaiset tietol\u00e4hteet<\/strong><\/p>\n<p>Henkil\u00f6tietoja ker\u00e4t\u00e4\u00e4n rekister\u00f6ityneelt\u00e4 itselt\u00e4\u00e4n: s\u00e4hk\u00f6postiosoite tallennetaan asiakkaan tilatessa Lasiteaitan uutiskirjeen. Osa tiedoista saadaan asiakkaiden rekister\u00f6ityess\u00e4 asiakkaaksi osoitteessa lasite.fi. Muut tiedot tallentuvat asiakkaan tehdess\u00e4 ostoksia verkkokaupassa.<\/p>\n<p><strong>S\u00e4\u00e4nn\u00f6nmukaiset tietojen luovutukset ja tietojen siirto<\/strong><\/p>\n<p>Ei s\u00e4\u00e4nn\u00f6nmukaisia tietojen luovutuksia kolmansille osapuolille. Ei tietojen luovutuksia EU:n tai ETA:n ulkopuolelle.<\/p>\n<p><strong>Rekisterin suojauksen periaatteet<\/strong><br \/>\nManuaalinen aineisto s\u00e4ilytet\u00e4\u00e4n lukitussa tilassa. S\u00e4hk\u00f6inen rekisteri ja tietoj\u00e4rjestelm\u00e4 on teknisesti suojattu palomuurein, salasanoin ja muilla teknisill\u00e4 keinoilla. Rekisteri\u00e4 k\u00e4ytt\u00e4v\u00e4t ainoastaan henkil\u00f6t, joiden toimenkuvaan sen k\u00e4ytt\u00f6 kuuluu. Jokaisella rekisteri\u00e4 k\u00e4sittelev\u00e4ll\u00e4 henkil\u00f6ll\u00e4 on rekisterinpit\u00e4j\u00e4n my\u00f6nt\u00e4m\u00e4 henkil\u00f6kohtainen k\u00e4ytt\u00f6oikeus, k\u00e4ytt\u00e4j\u00e4tunnus ja salasana. K\u00e4ytt\u00e4ji\u00e4 sitoo my\u00f6s vaitiolovelvollisuus. Rekisterin k\u00e4ytt\u00f6oikeuksia my\u00f6nt\u00e4\u00e4 ja valvoo rekisteriasioita hoitava henkil\u00f6.<\/p>\n<p><strong>Rekister\u00f6idyn tarkastusoikeus<\/strong><\/p>\n<p>Rekister\u00f6idyll\u00e4 on henkil\u00f6tietolain 26 \u00a7:n mukaisesti oikeus tarkastaa, mit\u00e4 h\u00e4nt\u00e4 koskevia tietoja henkil\u00f6rekisteriin on talletettu. Tarkastuspyynt\u00f6 tulee l\u00e4hett\u00e4\u00e4 kirjallisesti ja allekirjoitettuna postitse tai s\u00e4hk\u00f6postitse rekisteriasioista vastaavalle henkil\u00f6lle. Rekister\u00f6idyll\u00e4 on oikeus vaatia virheellisen tiedon korjaamista sek\u00e4 oikeus kielt\u00e4\u00e4 h\u00e4nt\u00e4 koskevien tietojen k\u00e4sittely ja luovuttaminen suoramainontaa, et\u00e4myynti\u00e4 ja muuta suoramarkkinointia sek\u00e4 markkina- ja mielipidetutkimuksia varten ottamalla yhteytt\u00e4 rekisterinpit\u00e4j\u00e4\u00e4n.<\/p>\n","protected":false},"excerpt":{"rendered":"<p>Voimassa 01.03.2017 alkaen Lasiteaitta on Tavarakota Oy:n (Y: 2811511-7) verkkokauppa osoitteessa www.lasite.fi. Verkkokauppa myy tuotteita t\u00e4ysi-ik\u00e4isille yksityishenkil\u00f6ille ja yrityksille Suomessa. N\u00e4it\u00e4 sopimusehtoja sovelletaan Tavarakota Oy:n ja sen asiakkaiden v\u00e4lisess\u00e4 kauppasuhteessa. Tilauksiin sovelletaan tilaushetkell\u00e4 voimassa olevia sopimusehtoja, jotka ovat luettavissa lasite.fi kotisivuilta. Asiakkaiden tiedot tallennetaan Tavarakota Oy:n Lasiteaitan asiakasrekisteriin, jossa olevia tietoja k\u00e4ytet\u00e4\u00e4n asiakassuhteen yll\u00e4pit\u00e4miseen sis\u00e4lt\u00e4en [&hellip;]<\/p>\n","protected":false},"author":1,"featured_media":0,"parent":181,"menu_order":0,"comment_status":"closed","ping_status":"closed","template":"","meta":{"_monsterinsights_skip_tracking":false,"_monsterinsights_sitenote_active":false,"_monsterinsights_sitenote_note":"","_monsterinsights_sitenote_category":0,"footnotes":""},"class_list":["post-156","page","type-page","status-publish","hentry"],"_links":{"self":[{"href":"https:\/\/lasite.fi\/index.php\/wp-json\/wp\/v2\/pages\/156"}],"collection":[{"href":"https:\/\/lasite.fi\/index.php\/wp-json\/wp\/v2\/pages"}],"about":[{"href":"https:\/\/lasite.fi\/index.php\/wp-json\/wp\/v2\/types\/page"}],"author":[{"embeddable":true,"href":"https:\/\/lasite.fi\/index.php\/wp-json\/wp\/v2\/users\/1"}],"replies":[{"embeddable":true,"href":"https:\/\/lasite.fi\/index.php\/wp-json\/wp\/v2\/comments?post=156"}],"version-history":[{"count":5,"href":"https:\/\/lasite.fi\/index.php\/wp-json\/wp\/v2\/pages\/156\/revisions"}],"predecessor-version":[{"id":803,"href":"https:\/\/lasite.fi\/index.php\/wp-json\/wp\/v2\/pages\/156\/revisions\/803"}],"up":[{"embeddable":true,"href":"https:\/\/lasite.fi\/index.php\/wp-json\/wp\/v2\/pages\/181"}],"wp:attachment":[{"href":"https:\/\/lasite.fi\/index.php\/wp-json\/wp\/v2\/media?parent=156"}],"curies":[{"name":"wp","href":"https:\/\/api.w.org\/{rel}","templated":true}]}}