{"id":161,"date":"2017-03-05T12:20:52","date_gmt":"2017-03-05T12:20:52","guid":{"rendered":"https:\/\/lasite.fi\/?page_id=161"},"modified":"2025-01-01T20:21:25","modified_gmt":"2025-01-01T18:21:25","slug":"toimitustavat-ja-hinnat","status":"publish","type":"page","link":"https:\/\/lasite.fi\/index.php\/toimitus\/toimitustavat-ja-hinnat\/","title":{"rendered":"Toimitustavat ja -hinnat"},"content":{"rendered":"<h2>TOIMITUSHINNAT SUOMESSA<\/h2>\n<p>Ohjelma laskee toimituksen hinnan automaattisesti l\u00e4hetyksen painon mukaan. Koska Posti m\u00e4\u00e4r\u00e4\u00e4 paketin maksimipainoksi 35 kg pakkauksineen, sen ylitt\u00e4v\u00e4st\u00e4 painosta veloitetaan uusi paketti. Esimerkiksi yksi paketti sis\u00e4lt\u00e4\u00e4 maksimissaan nelj\u00e4 5 litran kanisteria tai 22 &#8211; 24 kappaletta 900 ml pulloja riippuen lasitteesta.<\/p>\n<h3>Postin Postipaketti 10,00 \u20ac<\/h3>\n<p>Noudetaan l\u00e4himm\u00e4st\u00e4 postin noutopisteest\u00e4 tai pakettiautomaatista. Saat ohjeet noutamiseen tekstiviestill\u00e4 paketin saapuessa. Jos haluat noutaa l\u00e4hetyksen automaatista, merkitse verkkokaupan Kassa-sivulla kommenttikentt\u00e4\u00e4n haluamasi postiautomaatti. Katso <a href=\"https:\/\/www.posti.fi\/yritysasiakkaat\/posti-palvelee\/tyokalut-ja-lomakkeet\/etsi-lahin-toimipiste.html\">automaattien sijanti t\u00e4st\u00e4<\/a>.<\/p>\n<h2><\/h2>\n","protected":false},"excerpt":{"rendered":"<p>TOIMITUSHINNAT SUOMESSA Ohjelma laskee toimituksen hinnan automaattisesti l\u00e4hetyksen painon mukaan. Koska Posti m\u00e4\u00e4r\u00e4\u00e4 paketin maksimipainoksi 35 kg pakkauksineen, sen ylitt\u00e4v\u00e4st\u00e4 painosta veloitetaan uusi paketti. Esimerkiksi yksi paketti sis\u00e4lt\u00e4\u00e4 maksimissaan nelj\u00e4 5 litran kanisteria tai 22 &#8211; 24 kappaletta 900 ml pulloja riippuen lasitteesta. Postin Postipaketti 10,00 \u20ac Noudetaan l\u00e4himm\u00e4st\u00e4 postin noutopisteest\u00e4 tai pakettiautomaatista. Saat ohjeet [&hellip;]<\/p>\n","protected":false},"author":1,"featured_media":0,"parent":181,"menu_order":0,"comment_status":"closed","ping_status":"closed","template":"","meta":{"_monsterinsights_skip_tracking":false,"_monsterinsights_sitenote_active":false,"_monsterinsights_sitenote_note":"","_monsterinsights_sitenote_category":0,"footnotes":""},"class_list":["post-161","page","type-page","status-publish","hentry"],"_links":{"self":[{"href":"https:\/\/lasite.fi\/index.php\/wp-json\/wp\/v2\/pages\/161"}],"collection":[{"href":"https:\/\/lasite.fi\/index.php\/wp-json\/wp\/v2\/pages"}],"about":[{"href":"https:\/\/lasite.fi\/index.php\/wp-json\/wp\/v2\/types\/page"}],"author":[{"embeddable":true,"href":"https:\/\/lasite.fi\/index.php\/wp-json\/wp\/v2\/users\/1"}],"replies":[{"embeddable":true,"href":"https:\/\/lasite.fi\/index.php\/wp-json\/wp\/v2\/comments?post=161"}],"version-history":[{"count":5,"href":"https:\/\/lasite.fi\/index.php\/wp-json\/wp\/v2\/pages\/161\/revisions"}],"predecessor-version":[{"id":805,"href":"https:\/\/lasite.fi\/index.php\/wp-json\/wp\/v2\/pages\/161\/revisions\/805"}],"up":[{"embeddable":true,"href":"https:\/\/lasite.fi\/index.php\/wp-json\/wp\/v2\/pages\/181"}],"wp:attachment":[{"href":"https:\/\/lasite.fi\/index.php\/wp-json\/wp\/v2\/media?parent=161"}],"curies":[{"name":"wp","href":"https:\/\/api.w.org\/{rel}","templated":true}]}}