{"id":163,"date":"2017-03-05T12:32:27","date_gmt":"2017-03-05T12:32:27","guid":{"rendered":"https:\/\/lasite.fi\/?page_id=163"},"modified":"2021-11-20T11:38:05","modified_gmt":"2021-11-20T09:38:05","slug":"rekisteriseloste","status":"publish","type":"page","link":"https:\/\/lasite.fi\/index.php\/rekisteriseloste\/","title":{"rendered":"Rekisteriseloste"},"content":{"rendered":"<p>Laatimisp\u00e4iv\u00e4 10.3.2017.\u00a0\u00a0\u00a0\u00a0\u00a0\u00a0\u00a0\u00a0\u00a0\u00a0\u00a0\u00a0\u00a0\u00a0\u00a0\u00a0\u00a0\u00a0\u00a0\u00a0\u00a0\u00a0\u00a0\u00a0\u00a0\u00a0\u00a0\u00a0\u00a0\u00a0\u00a0\u00a0\u00a0\u00a0\u00a0\u00a0\u00a0\u00a0\u00a0\u00a0\u00a0\u00a0\u00a0\u00a0\u00a0\u00a0\u00a0\u00a0\u00a0\u00a0 <span style=\"font-size: small;\">Henkil\u00f6tietolaki (523\/1999) 10 \u00a7<\/span><\/p>\n<p>&nbsp;<\/p>\n<p><strong>Rekisterinpit\u00e4j\u00e4<\/strong><\/p>\n<p>Tavarakota Oy (j\u00e4ljemp\u00e4n\u00e4 \u201cRekisterinpit\u00e4j\u00e4\u201d)<\/p>\n<p>Y-tunnus: 2811511-7<\/p>\n<p>Postiosoite: Helsingintie 1869, 31470 Somerniemi<\/p>\n<p>WWW-sivut: https:\/\/lasite.fi<\/p>\n<p>S\u00e4hk\u00f6posti: info@lasite.fi<\/p>\n<p><strong>Yhteyshenkil\u00f6 <\/strong><\/p>\n<p>Pille Hallika, info@lasite.fi, puhelin 040 654 0222<\/p>\n<p><strong>Rekisterin nimi<\/strong><\/p>\n<p>Lasiteaitta verkkokaupan asiakasrekisteri<\/p>\n<p><strong>Henkil\u00f6tietojen k\u00e4sittelyn tarkoitus<\/strong><\/p>\n<p>Rekisteri\u00e4 k\u00e4ytet\u00e4\u00e4n asiakassuhteiden hoitoon, yll\u00e4pitoon sek\u00e4 asiakkuuden hallinnointiin, analysointiin ja kehitt\u00e4miseen. Henkil\u00f6tietoja voidaan k\u00e4ytt\u00e4\u00e4 my\u00f6s liiketoiminnan analysointiin ja kehitt\u00e4miseen. Lis\u00e4ksi tietoja k\u00e4ytet\u00e4\u00e4n rekisterinpit\u00e4j\u00e4n markkinointiin. Rekister\u00f6idyll\u00e4 on oikeus kielt\u00e4\u00e4 h\u00e4neen kohdistettu suoramarkkinointi.<\/p>\n<p><strong>Rekisterin tietosis\u00e4lt\u00f6 <\/strong><\/p>\n<p>Rekisteri voi sis\u00e4lt\u00e4\u00e4 seuraavia tietoja:<\/p>\n<ul>\n<li>asiakasnumero,<\/li>\n<li>etu- ja sukunimi,<\/li>\n<li>s\u00e4hk\u00f6postiosoite,<\/li>\n<li>puhelinnumero,<\/li>\n<li>postiosoite,<\/li>\n<li>postinumero- ja toimipaikka,<\/li>\n<li>tiedot asiakkaan tilaamista tuotteista ja palveluista, niiden toimittamisesta ja laskuttamisesta,<\/li>\n<li>tieto markkinointiluvan kiellosta,<\/li>\n<li>asiakkaan ilmoittamat asiakassuhteen hoitoon liittyv\u00e4t tiedot.<\/li>\n<\/ul>\n<p><strong>S\u00e4\u00e4nn\u00f6nmukaiset tietol\u00e4hteet<\/strong><\/p>\n<p>Henkil\u00f6tietoja ker\u00e4t\u00e4\u00e4n rekister\u00f6ityneelt\u00e4 itselt\u00e4\u00e4n: s\u00e4hk\u00f6postiosoite tallennetaan asiakkaan tilatessa Lasteaitan uutiskirjeen. Osa tiedoista saadaan asiakkaiden rekister\u00f6ityess\u00e4 asiakkaaksi osoitteessa lasite.fi. Muut tiedot tallentuvat asiakkaan tehdess\u00e4 ostoksia verkkokaupassa.<\/p>\n<p><strong>S\u00e4\u00e4nn\u00f6nmukaiset tietojen luovutukset ja tietojen siirto<\/strong><\/p>\n<p>Ei s\u00e4\u00e4nn\u00f6nmukaisia tietojen luovutuksia kolmansille osapuolille. Ei tietojen luovutuksia EU:n tai ETA:n ulkopuolelle.<\/p>\n<p><strong>Rekisterin suojauksen periaatteet<\/strong><br \/>\nManuaalinen ainesto s\u00e4ilytet\u00e4\u00e4n lukitussa tilassa. S\u00e4hk\u00f6inen rekisteri ja tietoj\u00e4rjestelm\u00e4 on teknisesti suojattu palomuurein, salasanoin ja muilla teknisill\u00e4 keinoilla. Rekisteri\u00e4 k\u00e4ytt\u00e4v\u00e4t ainoastaan henkil\u00f6t, joiden toimenkuvaan sen k\u00e4ytt\u00f6 kuuluu. Jokaisella rekisteri\u00e4 k\u00e4sittelev\u00e4ll\u00e4 henkil\u00f6ll\u00e4 on rekisterinpit\u00e4j\u00e4n my\u00f6nt\u00e4m\u00e4 henkil\u00f6kohtainen k\u00e4ytt\u00f6oikeus, k\u00e4ytt\u00e4j\u00e4tunnus ja salasana. K\u00e4ytt\u00e4ji\u00e4 sitoo my\u00f6s vaitiolovelvollisuus. Rekisterin k\u00e4ytt\u00f6oikeuksia my\u00f6nt\u00e4\u00e4 ja valvoo rekisteriasioita hoitava henkil\u00f6.<\/p>\n<p><strong>Rekister\u00f6idyn tarkastusoikeus<\/strong><\/p>\n<p>Rekister\u00f6idyll\u00e4 on henkil\u00f6tietolain 26 \u00a7:n mukaisesti oikeus tarkastaa, mit\u00e4 h\u00e4nt\u00e4 koskevia tietoja henkil\u00f6rekisteriin on talletettu. Tarkastuspyynt\u00f6 tulee l\u00e4hett\u00e4\u00e4 kirjallisesti ja allekirjoitettuna postitse tai s\u00e4hk\u00f6postitse rekisteriasioista vastaavalle henkil\u00f6lle. Rekister\u00f6idyll\u00e4 on oikeus vaatia virheellisen tiedon korjaamista sek\u00e4 oikeus kielt\u00e4\u00e4 h\u00e4nt\u00e4 koskevien tietojen k\u00e4sittely ja luovuttaminen suoramainontaa, et\u00e4myynti\u00e4 ja muuta suoramarkkinointia sek\u00e4 markkina- ja mielipidetutkimuksia varten ottamalla yhteytt\u00e4 rekisterinpit\u00e4j\u00e4\u00e4n.<\/p>\n","protected":false},"excerpt":{"rendered":"<p>Laatimisp\u00e4iv\u00e4 10.3.2017.\u00a0\u00a0\u00a0\u00a0\u00a0\u00a0\u00a0\u00a0\u00a0\u00a0\u00a0\u00a0\u00a0\u00a0\u00a0\u00a0\u00a0\u00a0\u00a0\u00a0\u00a0\u00a0\u00a0\u00a0\u00a0\u00a0\u00a0\u00a0\u00a0\u00a0\u00a0\u00a0\u00a0\u00a0\u00a0\u00a0\u00a0\u00a0\u00a0\u00a0\u00a0\u00a0\u00a0\u00a0\u00a0\u00a0\u00a0\u00a0\u00a0\u00a0 Henkil\u00f6tietolaki (523\/1999) 10 \u00a7 &nbsp; Rekisterinpit\u00e4j\u00e4 Tavarakota Oy (j\u00e4ljemp\u00e4n\u00e4 \u201cRekisterinpit\u00e4j\u00e4\u201d) Y-tunnus: 2811511-7 Postiosoite: Helsingintie 1869, 31470 Somerniemi WWW-sivut: https:\/\/lasite.fi S\u00e4hk\u00f6posti: info@lasite.fi Yhteyshenkil\u00f6 Pille Hallika, info@lasite.fi, puhelin 040 654 0222 Rekisterin nimi Lasiteaitta verkkokaupan asiakasrekisteri Henkil\u00f6tietojen k\u00e4sittelyn tarkoitus Rekisteri\u00e4 k\u00e4ytet\u00e4\u00e4n asiakassuhteiden hoitoon, yll\u00e4pitoon sek\u00e4 asiakkuuden hallinnointiin, analysointiin ja kehitt\u00e4miseen. Henkil\u00f6tietoja voidaan k\u00e4ytt\u00e4\u00e4 my\u00f6s liiketoiminnan [&hellip;]<\/p>\n","protected":false},"author":1,"featured_media":0,"parent":0,"menu_order":0,"comment_status":"closed","ping_status":"closed","template":"","meta":{"_monsterinsights_skip_tracking":false,"_monsterinsights_sitenote_active":false,"_monsterinsights_sitenote_note":"","_monsterinsights_sitenote_category":0,"footnotes":""},"class_list":["post-163","page","type-page","status-publish","hentry"],"_links":{"self":[{"href":"https:\/\/lasite.fi\/index.php\/wp-json\/wp\/v2\/pages\/163"}],"collection":[{"href":"https:\/\/lasite.fi\/index.php\/wp-json\/wp\/v2\/pages"}],"about":[{"href":"https:\/\/lasite.fi\/index.php\/wp-json\/wp\/v2\/types\/page"}],"author":[{"embeddable":true,"href":"https:\/\/lasite.fi\/index.php\/wp-json\/wp\/v2\/users\/1"}],"replies":[{"embeddable":true,"href":"https:\/\/lasite.fi\/index.php\/wp-json\/wp\/v2\/comments?post=163"}],"version-history":[{"count":5,"href":"https:\/\/lasite.fi\/index.php\/wp-json\/wp\/v2\/pages\/163\/revisions"}],"predecessor-version":[{"id":645,"href":"https:\/\/lasite.fi\/index.php\/wp-json\/wp\/v2\/pages\/163\/revisions\/645"}],"wp:attachment":[{"href":"https:\/\/lasite.fi\/index.php\/wp-json\/wp\/v2\/media?parent=163"}],"curies":[{"name":"wp","href":"https:\/\/api.w.org\/{rel}","templated":true}]}}