{"id":2,"date":"2017-02-19T08:12:08","date_gmt":"2017-02-19T08:12:08","guid":{"rendered":"http:\/\/lasite.fi\/?page_id=2"},"modified":"2021-05-31T19:14:16","modified_gmt":"2021-05-31T16:14:16","slug":"lasiteaitta","status":"publish","type":"page","link":"https:\/\/lasite.fi\/index.php\/lasiteaitta\/","title":{"rendered":"Lasiteaitta"},"content":{"rendered":"<div class=\"entry-content\">\n<p>Lasiteaitta on Tavarakota Oy:n verkkokauppa osoitteessa lasite.fi. Lasiteaitta tarjoaa nestem\u00e4isi\u00e4 korkeanpolton lasitteita keraamikoille, kouluille, kerhoille ja keramiikkaharrastajille. Ne ovat heti k\u00e4ytt\u00f6valmiita ja soveltuvat eri pintak\u00e4sittelymenetelmiin.\u00a0 Lasiteaitan lasitteisiin ei ole lis\u00e4tty ainesosina lyijy\u00e4, kadmiumia, kromia eik\u00e4 nikkeli\u00e4. Lasitetut esineet ovat konepest\u00e4vi\u00e4. Lasiteaitan lasitteet on valmistettu Virossa pitk\u00e4aikasen kehitysty\u00f6n tuloksena. Jotkut reseptit ovat olleet k\u00e4yt\u00f6ss\u00e4 yli 50 vuotta.<\/p>\n<p>Tervetuloa verkkokauppaan!<\/p>\n<p>&nbsp;<\/p>\n<p><img loading=\"lazy\" decoding=\"async\" class=\"alignright wp-image-270\" src=\"https:\/\/lasite.fi\/wp-content\/uploads\/2017\/02\/keramiikka_lasitteet_900ml_pullot.jpg\" alt=\"\" width=\"466\" height=\"246\" \/><\/p>\n<p>Lasiteaitta<\/p>\n<p>WWW-sivut: lasite.fi<\/p>\n<p>S\u00e4hk\u00f6posti:\u00a0\u00a0 info@lasite.fi<\/p>\n<p>Puhelin arkisin 14-18: 040 654 0222<\/p>\n<p>Tavarakota Oy<\/p>\n<p>Y-tunnus: 2811511-7<\/p>\n<\/div>\n","protected":false},"excerpt":{"rendered":"<p>Lasiteaitta on Tavarakota Oy:n verkkokauppa osoitteessa lasite.fi. Lasiteaitta tarjoaa nestem\u00e4isi\u00e4 korkeanpolton lasitteita keraamikoille, kouluille, kerhoille ja keramiikkaharrastajille. Ne ovat heti k\u00e4ytt\u00f6valmiita ja soveltuvat eri pintak\u00e4sittelymenetelmiin.\u00a0 Lasiteaitan lasitteisiin ei ole lis\u00e4tty ainesosina lyijy\u00e4, kadmiumia, kromia eik\u00e4 nikkeli\u00e4. Lasitetut esineet ovat konepest\u00e4vi\u00e4. Lasiteaitan lasitteet on valmistettu Virossa pitk\u00e4aikasen kehitysty\u00f6n tuloksena. Jotkut reseptit ovat olleet k\u00e4yt\u00f6ss\u00e4 yli 50 [&hellip;]<\/p>\n","protected":false},"author":1,"featured_media":0,"parent":0,"menu_order":0,"comment_status":"closed","ping_status":"open","template":"","meta":{"_monsterinsights_skip_tracking":false,"_monsterinsights_sitenote_active":false,"_monsterinsights_sitenote_note":"","_monsterinsights_sitenote_category":0,"footnotes":""},"class_list":["post-2","page","type-page","status-publish","hentry"],"_links":{"self":[{"href":"https:\/\/lasite.fi\/index.php\/wp-json\/wp\/v2\/pages\/2"}],"collection":[{"href":"https:\/\/lasite.fi\/index.php\/wp-json\/wp\/v2\/pages"}],"about":[{"href":"https:\/\/lasite.fi\/index.php\/wp-json\/wp\/v2\/types\/page"}],"author":[{"embeddable":true,"href":"https:\/\/lasite.fi\/index.php\/wp-json\/wp\/v2\/users\/1"}],"replies":[{"embeddable":true,"href":"https:\/\/lasite.fi\/index.php\/wp-json\/wp\/v2\/comments?post=2"}],"version-history":[{"count":5,"href":"https:\/\/lasite.fi\/index.php\/wp-json\/wp\/v2\/pages\/2\/revisions"}],"predecessor-version":[{"id":610,"href":"https:\/\/lasite.fi\/index.php\/wp-json\/wp\/v2\/pages\/2\/revisions\/610"}],"wp:attachment":[{"href":"https:\/\/lasite.fi\/index.php\/wp-json\/wp\/v2\/media?parent=2"}],"curies":[{"name":"wp","href":"https:\/\/api.w.org\/{rel}","templated":true}]}}