{"id":445,"date":"2018-07-25T21:36:41","date_gmt":"2018-07-25T18:36:41","guid":{"rendered":"https:\/\/lasite.fi\/?page_id=445"},"modified":"2018-07-29T18:51:04","modified_gmt":"2018-07-29T15:51:04","slug":"vinkit-ja-ohjeet","status":"publish","type":"page","link":"https:\/\/lasite.fi\/index.php\/lasiteaitta\/vinkit-ja-ohjeet\/","title":{"rendered":"VINKIT JA OHJEET"},"content":{"rendered":"<h2>Lautaset ja tarjoiluvadit muotin avulla<\/h2>\n<p>Lasiteaitan muottien avulla valmistat helposti siistit lautaset ja tarjoiluvadit. Katso video!<\/p>\n<p><iframe loading=\"lazy\" width=\"980\" height=\"551\" src=\"https:\/\/www.youtube.com\/embed\/6yUCU-o0Vjo?feature=oembed\" frameborder=\"0\" allow=\"autoplay; encrypted-media\" allowfullscreen><\/iframe><\/p>\n<ul>\n<li><span style=\"font-size: medium;\">Vinkki: Jotta lautasesta ei tulisi polttojen j\u00e4lkeen (tai jo ennen) vinoutunutta, <\/span><span style=\"color: #000000;\"><span style=\"font-size: medium;\">muista antaa kuivumisen tapahtua hitaasti ja k\u00e4yt\u00e4 savilevyn siirtoon aina puukuitu- tai kipsilevy\u00e4.<\/span><\/span><\/li>\n<li>Peit\u00e4 kipsilevyn reunat maaliteipill\u00e4 varmistaakseen, ettei kipsilevyst\u00e4 irtoa vahingossa palasia saveen.<\/li>\n<\/ul>\n","protected":false},"excerpt":{"rendered":"<p>Lautaset ja tarjoiluvadit muotin avulla Lasiteaitan muottien avulla valmistat helposti siistit lautaset ja tarjoiluvadit. Katso video! Vinkki: Jotta lautasesta ei tulisi polttojen j\u00e4lkeen (tai jo ennen) vinoutunutta, muista antaa kuivumisen tapahtua hitaasti ja k\u00e4yt\u00e4 savilevyn siirtoon aina puukuitu- tai kipsilevy\u00e4. Peit\u00e4 kipsilevyn reunat maaliteipill\u00e4 varmistaakseen, ettei kipsilevyst\u00e4 irtoa vahingossa palasia saveen.<\/p>\n","protected":false},"author":1,"featured_media":0,"parent":2,"menu_order":1,"comment_status":"closed","ping_status":"closed","template":"","meta":{"_monsterinsights_skip_tracking":false,"_monsterinsights_sitenote_active":false,"_monsterinsights_sitenote_note":"","_monsterinsights_sitenote_category":0,"footnotes":""},"class_list":["post-445","page","type-page","status-publish","hentry"],"_links":{"self":[{"href":"https:\/\/lasite.fi\/index.php\/wp-json\/wp\/v2\/pages\/445"}],"collection":[{"href":"https:\/\/lasite.fi\/index.php\/wp-json\/wp\/v2\/pages"}],"about":[{"href":"https:\/\/lasite.fi\/index.php\/wp-json\/wp\/v2\/types\/page"}],"author":[{"embeddable":true,"href":"https:\/\/lasite.fi\/index.php\/wp-json\/wp\/v2\/users\/1"}],"replies":[{"embeddable":true,"href":"https:\/\/lasite.fi\/index.php\/wp-json\/wp\/v2\/comments?post=445"}],"version-history":[{"count":4,"href":"https:\/\/lasite.fi\/index.php\/wp-json\/wp\/v2\/pages\/445\/revisions"}],"predecessor-version":[{"id":464,"href":"https:\/\/lasite.fi\/index.php\/wp-json\/wp\/v2\/pages\/445\/revisions\/464"}],"up":[{"embeddable":true,"href":"https:\/\/lasite.fi\/index.php\/wp-json\/wp\/v2\/pages\/2"}],"wp:attachment":[{"href":"https:\/\/lasite.fi\/index.php\/wp-json\/wp\/v2\/media?parent=445"}],"curies":[{"name":"wp","href":"https:\/\/api.w.org\/{rel}","templated":true}]}}