{"id":48,"date":"2017-03-01T21:43:47","date_gmt":"2017-03-01T21:43:47","guid":{"rendered":"https:\/\/lasite.fi\/?page_id=48"},"modified":"2021-05-31T22:38:37","modified_gmt":"2021-05-31T19:38:37","slug":"ukkfaq","status":"publish","type":"page","link":"https:\/\/lasite.fi\/index.php\/ukkfaq\/","title":{"rendered":"UKK\/FAQ"},"content":{"rendered":"<h3 align=\"JUSTIFY\"><span style=\"color: #000000;\"><span style=\"font-family: Times New Roman,serif;\"><span style=\"font-size: medium;\">Miss\u00e4 sijaitsee Lasiteaitan myym\u00e4l\u00e4?<\/span><\/span><\/span><\/h3>\n<p align=\"JUSTIFY\"><span style=\"color: #000000;\"><span style=\"font-family: Times New Roman,serif;\"><span style=\"font-size: medium;\">Lasiteaitta toimii vain verkkokauppana, mutta tuotteiden valikoimasta l\u00f6yd\u00e4t kokeilua varten 200 ml pienpakkaukset. Voit kokeilla lasitetta ensin 200 ml pienpakkauksessa ja sen j\u00e4lkeen ostaa samaa lasitetta isommassa pakkauksessa edullisempaan hintaan. Jos sinulla on kysymyksi\u00e4, ota yhteytt\u00e4 puhelimitse tai s\u00e4hk\u00f6postitse, vastaamme mahdollisimman nopeasti.<\/span><\/span><\/span><\/p>\n<p align=\"JUSTIFY\">\n<h3 align=\"JUSTIFY\"><span style=\"font-family: Times New Roman,serif;\"><span style=\"font-size: medium;\">Saanko maksaa laskulla?<\/span><\/span><\/h3>\n<p align=\"JUSTIFY\"><span style=\"font-family: Times New Roman,serif;\"><span style=\"font-size: medium;\">Valitettavasti Lasiteaitan ainoa maksuehto on ennakomaksu. Tilauksen hyv\u00e4ksymisen j\u00e4lkeen saat tilausvahvistuksen, josta l\u00f6yd\u00e4t kaikki tarvitsemasi tiedot maksun suorittamisesta pankkitilillemme. L\u00e4het\u00e4mme tuotteet sek\u00e4 laskun 3 arkip\u00e4iv\u00e4n kuluessa, kun maksu on saapunut tilillemme. <\/span><\/span><\/p>\n<h3 align=\"JUSTIFY\"><span style=\"font-family: Times New Roman,serif;\"><span style=\"font-size: medium;\">Kuinka nopeasti tilaus t\u00e4ytyy maksaa tilausvahvistuksen saamisen j\u00e4lkeen?<\/span><\/span><\/h3>\n<p align=\"JUSTIFY\"><span style=\"font-family: Times New Roman,serif;\"><span style=\"font-size: medium;\">Tilausvahvistus on voimassa kolme arkip\u00e4iv\u00e4\u00e4. Jos asiakas ei maksa viimeist\u00e4\u00e4n 3. p\u00e4iv\u00e4n\u00e4, tilaus peruuntuu. Jos tarvitset maksun suorittamiseksi enemm\u00e4n aikaa, ota yhteytt\u00e4 asiakaspalveluumme.<\/span><\/span><\/p>\n","protected":false},"excerpt":{"rendered":"<p>Miss\u00e4 sijaitsee Lasiteaitan myym\u00e4l\u00e4? Lasiteaitta toimii vain verkkokauppana, mutta tuotteiden valikoimasta l\u00f6yd\u00e4t kokeilua varten 200 ml pienpakkaukset. Voit kokeilla lasitetta ensin 200 ml pienpakkauksessa ja sen j\u00e4lkeen ostaa samaa lasitetta isommassa pakkauksessa edullisempaan hintaan. Jos sinulla on kysymyksi\u00e4, ota yhteytt\u00e4 puhelimitse tai s\u00e4hk\u00f6postitse, vastaamme mahdollisimman nopeasti. Saanko maksaa laskulla? Valitettavasti Lasiteaitan ainoa maksuehto on ennakomaksu. [&hellip;]<\/p>\n","protected":false},"author":1,"featured_media":0,"parent":0,"menu_order":0,"comment_status":"closed","ping_status":"closed","template":"","meta":{"_monsterinsights_skip_tracking":false,"_monsterinsights_sitenote_active":false,"_monsterinsights_sitenote_note":"","_monsterinsights_sitenote_category":0,"footnotes":""},"class_list":["post-48","page","type-page","status-publish","hentry"],"_links":{"self":[{"href":"https:\/\/lasite.fi\/index.php\/wp-json\/wp\/v2\/pages\/48"}],"collection":[{"href":"https:\/\/lasite.fi\/index.php\/wp-json\/wp\/v2\/pages"}],"about":[{"href":"https:\/\/lasite.fi\/index.php\/wp-json\/wp\/v2\/types\/page"}],"author":[{"embeddable":true,"href":"https:\/\/lasite.fi\/index.php\/wp-json\/wp\/v2\/users\/1"}],"replies":[{"embeddable":true,"href":"https:\/\/lasite.fi\/index.php\/wp-json\/wp\/v2\/comments?post=48"}],"version-history":[{"count":5,"href":"https:\/\/lasite.fi\/index.php\/wp-json\/wp\/v2\/pages\/48\/revisions"}],"predecessor-version":[{"id":612,"href":"https:\/\/lasite.fi\/index.php\/wp-json\/wp\/v2\/pages\/48\/revisions\/612"}],"wp:attachment":[{"href":"https:\/\/lasite.fi\/index.php\/wp-json\/wp\/v2\/media?parent=48"}],"curies":[{"name":"wp","href":"https:\/\/api.w.org\/{rel}","templated":true}]}}