{"id":108,"date":"2017-03-03T15:47:46","date_gmt":"2017-03-03T13:47:46","guid":{"rendered":"https:\/\/lasite.fi\/?post_type=product&#038;p=108"},"modified":"2025-03-18T09:01:05","modified_gmt":"2025-03-18T07:01:05","slug":"valkoinen-kristalli","status":"publish","type":"product","link":"https:\/\/lasite.fi\/index.php\/tuote\/valkoinen-kristalli\/","title":{"rendered":"VALKOINEN KRISTALLI"},"content":{"rendered":"","protected":false},"excerpt":{"rendered":"<p align=\"JUSTIFY\">Polttol\u00e4mp\u00f6tila 1230-1260 <span style=\"color: #000000;\"><span style=\"font-family: Times New Roman,serif;\">\u00baC.<\/span><\/span><\/p>\n<p><span style=\"color: #000000;\">Valkoinen kiilt\u00e4v\u00e4 kristallilasite. Kulta-valkoiset kiteet muodostuvat kiilt\u00e4v\u00e4lle valkoiselle taustalle. Valuva. Pident\u00e4m\u00e4ll\u00e4 ja s\u00e4\u00e4t\u00e4m\u00e4ll\u00e4 poltto-ohjelman j\u00e4\u00e4hdytysvaihetta kiteiden halkaisija kasvaa.<br \/>\n<\/span><\/p>\n","protected":false},"featured_media":109,"comment_status":"closed","ping_status":"closed","template":"","meta":{"_monsterinsights_skip_tracking":false,"_monsterinsights_sitenote_active":false,"_monsterinsights_sitenote_note":"","_monsterinsights_sitenote_category":0},"product_cat":[50],"product_tag":[10,21,12,28,11,19,24],"class_list":{"0":"post-108","1":"product","2":"type-product","3":"status-publish","4":"has-post-thumbnail","6":"product_cat-uncategorized","7":"product_tag-keramiikka","8":"product_tag-kiiltava","9":"product_tag-korkeanpoltto","10":"product_tag-kristallilasite","11":"product_tag-lasite","12":"product_tag-lasitteet","13":"product_tag-valkoinen","14":"pa_pakkauskoko-200_ml","15":"pa_pakkauskoko-5_litraa","16":"pa_pakkauskoko-900_ml","18":"first","19":"outofstock","20":"shipping-taxable","21":"purchasable","22":"product-type-variable"},"_links":{"self":[{"href":"https:\/\/lasite.fi\/index.php\/wp-json\/wp\/v2\/product\/108"}],"collection":[{"href":"https:\/\/lasite.fi\/index.php\/wp-json\/wp\/v2\/product"}],"about":[{"href":"https:\/\/lasite.fi\/index.php\/wp-json\/wp\/v2\/types\/product"}],"replies":[{"embeddable":true,"href":"https:\/\/lasite.fi\/index.php\/wp-json\/wp\/v2\/comments?post=108"}],"wp:featuredmedia":[{"embeddable":true,"href":"https:\/\/lasite.fi\/index.php\/wp-json\/wp\/v2\/media\/109"}],"wp:attachment":[{"href":"https:\/\/lasite.fi\/index.php\/wp-json\/wp\/v2\/media?parent=108"}],"wp:term":[{"taxonomy":"product_cat","embeddable":true,"href":"https:\/\/lasite.fi\/index.php\/wp-json\/wp\/v2\/product_cat?post=108"},{"taxonomy":"product_tag","embeddable":true,"href":"https:\/\/lasite.fi\/index.php\/wp-json\/wp\/v2\/product_tag?post=108"}],"curies":[{"name":"wp","href":"https:\/\/api.w.org\/{rel}","templated":true}]}}