{"id":128,"date":"2017-03-03T16:14:42","date_gmt":"2017-03-03T14:14:42","guid":{"rendered":"https:\/\/lasite.fi\/?post_type=product&#038;p=128"},"modified":"2025-03-03T09:04:57","modified_gmt":"2025-03-03T07:04:57","slug":"kiiltava-valkoinen","status":"publish","type":"product","link":"https:\/\/lasite.fi\/index.php\/tuote\/kiiltava-valkoinen\/","title":{"rendered":"KIILT\u00c4V\u00c4 VALKOINEN LASITE"},"content":{"rendered":"","protected":false},"excerpt":{"rendered":"<p>Polttol\u00e4mp\u00f6tila 1230-1260 <span style=\"color: #000000;\"><span style=\"font-family: Times New Roman,serif;\">\u00baC<\/span><\/span><\/p>\n<p><span style=\"color: #000000;\">Kiilt\u00e4v\u00e4 valkoinen lasite. Ei valu.<\/span><\/p>\n<p><span style=\"font-size: medium;\">Soveltuu mm. hyvin oil-spot lasituksen p\u00e4\u00e4llimm\u00e4iseen kerrokseen.<\/span><\/p>\n<p><span style=\"font-size: large;\">\u00a0<\/span><\/p>\n<p>&nbsp;<\/p>\n","protected":false},"featured_media":132,"comment_status":"closed","ping_status":"closed","template":"","meta":{"_monsterinsights_skip_tracking":false,"_monsterinsights_sitenote_active":false,"_monsterinsights_sitenote_note":"","_monsterinsights_sitenote_category":0},"product_cat":[50],"product_tag":[10,21,12,11,19,44,24],"class_list":{"0":"post-128","1":"product","2":"type-product","3":"status-publish","4":"has-post-thumbnail","6":"product_cat-uncategorized","7":"product_tag-keramiikka","8":"product_tag-kiiltava","9":"product_tag-korkeanpoltto","10":"product_tag-lasite","11":"product_tag-lasitteet","12":"product_tag-oil-spot","13":"product_tag-valkoinen","14":"pa_pakkauskoko-200_ml","15":"pa_pakkauskoko-5_litraa","16":"pa_pakkauskoko-900_ml","18":"first","19":"outofstock","20":"shipping-taxable","21":"purchasable","22":"product-type-variable"},"_links":{"self":[{"href":"https:\/\/lasite.fi\/index.php\/wp-json\/wp\/v2\/product\/128"}],"collection":[{"href":"https:\/\/lasite.fi\/index.php\/wp-json\/wp\/v2\/product"}],"about":[{"href":"https:\/\/lasite.fi\/index.php\/wp-json\/wp\/v2\/types\/product"}],"replies":[{"embeddable":true,"href":"https:\/\/lasite.fi\/index.php\/wp-json\/wp\/v2\/comments?post=128"}],"wp:featuredmedia":[{"embeddable":true,"href":"https:\/\/lasite.fi\/index.php\/wp-json\/wp\/v2\/media\/132"}],"wp:attachment":[{"href":"https:\/\/lasite.fi\/index.php\/wp-json\/wp\/v2\/media?parent=128"}],"wp:term":[{"taxonomy":"product_cat","embeddable":true,"href":"https:\/\/lasite.fi\/index.php\/wp-json\/wp\/v2\/product_cat?post=128"},{"taxonomy":"product_tag","embeddable":true,"href":"https:\/\/lasite.fi\/index.php\/wp-json\/wp\/v2\/product_tag?post=128"}],"curies":[{"name":"wp","href":"https:\/\/api.w.org\/{rel}","templated":true}]}}