{"id":143,"date":"2017-03-03T17:14:42","date_gmt":"2017-03-03T15:14:42","guid":{"rendered":"https:\/\/lasite.fi\/?post_type=product&#038;p=143"},"modified":"2026-02-25T10:10:54","modified_gmt":"2026-02-25T08:10:54","slug":"kiiltava-vihrea","status":"publish","type":"product","link":"https:\/\/lasite.fi\/index.php\/tuote\/kiiltava-vihrea\/","title":{"rendered":"KIILT\u00c4V\u00c4 VIHRE\u00c4 LASITE"},"content":{"rendered":"","protected":false},"excerpt":{"rendered":"<p>Polttol\u00e4mp\u00f6tila 1230-1260 <span style=\"color: #000000;\"><span style=\"font-family: Times New Roman,serif;\">\u00baC.<\/span><\/span><\/p>\n<p><span style=\"color: #000000;\">Kiilt\u00e4v\u00e4 vihre\u00e4 lasite. El\u00e4v\u00e4 lasite \u2013 ohuesti lilahko, paksu kerros voi antaa pieni\u00e4 harmaita kiteit\u00e4. Normaalisti ei valu, mutta liian paksuna kerroksena voi valua.<\/span><\/p>\n","protected":false},"featured_media":144,"comment_status":"closed","ping_status":"closed","template":"","meta":{"_monsterinsights_skip_tracking":false,"_monsterinsights_sitenote_active":false,"_monsterinsights_sitenote_note":"","_monsterinsights_sitenote_category":0},"product_cat":[50],"product_tag":[10,21,12,11,19,22],"class_list":{"0":"post-143","1":"product","2":"type-product","3":"status-publish","4":"has-post-thumbnail","6":"product_cat-uncategorized","7":"product_tag-keramiikka","8":"product_tag-kiiltava","9":"product_tag-korkeanpoltto","10":"product_tag-lasite","11":"product_tag-lasitteet","12":"product_tag-vihrea","13":"pa_pakkauskoko-200_ml","14":"pa_pakkauskoko-5_litraa","15":"pa_pakkauskoko-900_ml","17":"first","18":"outofstock","19":"featured","20":"shipping-taxable","21":"purchasable","22":"product-type-variable"},"_links":{"self":[{"href":"https:\/\/lasite.fi\/index.php\/wp-json\/wp\/v2\/product\/143"}],"collection":[{"href":"https:\/\/lasite.fi\/index.php\/wp-json\/wp\/v2\/product"}],"about":[{"href":"https:\/\/lasite.fi\/index.php\/wp-json\/wp\/v2\/types\/product"}],"replies":[{"embeddable":true,"href":"https:\/\/lasite.fi\/index.php\/wp-json\/wp\/v2\/comments?post=143"}],"wp:featuredmedia":[{"embeddable":true,"href":"https:\/\/lasite.fi\/index.php\/wp-json\/wp\/v2\/media\/144"}],"wp:attachment":[{"href":"https:\/\/lasite.fi\/index.php\/wp-json\/wp\/v2\/media?parent=143"}],"wp:term":[{"taxonomy":"product_cat","embeddable":true,"href":"https:\/\/lasite.fi\/index.php\/wp-json\/wp\/v2\/product_cat?post=143"},{"taxonomy":"product_tag","embeddable":true,"href":"https:\/\/lasite.fi\/index.php\/wp-json\/wp\/v2\/product_tag?post=143"}],"curies":[{"name":"wp","href":"https:\/\/api.w.org\/{rel}","templated":true}]}}