{"id":353,"date":"2017-09-06T13:12:24","date_gmt":"2017-09-06T10:12:24","guid":{"rendered":"https:\/\/lasite.fi\/?post_type=product&#038;p=353"},"modified":"2026-03-11T09:11:41","modified_gmt":"2026-03-11T07:11:41","slug":"hiekkaranta","status":"publish","type":"product","link":"https:\/\/lasite.fi\/index.php\/tuote\/hiekkaranta\/","title":{"rendered":"HIEKKARANTA"},"content":{"rendered":"","protected":false},"excerpt":{"rendered":"<p>Polttol\u00e4mp\u00f6tila 1230 \u2013 1260 \u00baC.<\/p>\n<p>Sininen kiilt\u00e4v\u00e4 kristallilasite. Sinisi\u00e4 kiteit\u00e4 muodostuu hieman tummemmalle tai keltaiselle taustalle. Tosi el\u00e4v\u00e4 lasite. Valuva.<\/p>\n<p>Pident\u00e4m\u00e4ll\u00e4 ja s\u00e4\u00e4t\u00e4m\u00e4ll\u00e4 poltto-ohjelman j\u00e4\u00e4hdytysvaihetta kiteiden halkaisija kasvaa.<\/p>\n","protected":false},"featured_media":357,"comment_status":"closed","ping_status":"closed","template":"","meta":{"_monsterinsights_skip_tracking":false,"_monsterinsights_sitenote_active":false,"_monsterinsights_sitenote_note":"","_monsterinsights_sitenote_category":0},"product_cat":[50],"product_tag":[21,12,28,11,19,25],"class_list":{"0":"post-353","1":"product","2":"type-product","3":"status-publish","4":"has-post-thumbnail","6":"product_cat-uncategorized","7":"product_tag-kiiltava","8":"product_tag-korkeanpoltto","9":"product_tag-kristallilasite","10":"product_tag-lasite","11":"product_tag-lasitteet","12":"product_tag-sininen","13":"pa_pakkauskoko-200_ml","14":"pa_pakkauskoko-5_litraa","15":"pa_pakkauskoko-900_ml","17":"first","18":"instock","19":"shipping-taxable","20":"purchasable","21":"product-type-variable"},"_links":{"self":[{"href":"https:\/\/lasite.fi\/index.php\/wp-json\/wp\/v2\/product\/353"}],"collection":[{"href":"https:\/\/lasite.fi\/index.php\/wp-json\/wp\/v2\/product"}],"about":[{"href":"https:\/\/lasite.fi\/index.php\/wp-json\/wp\/v2\/types\/product"}],"replies":[{"embeddable":true,"href":"https:\/\/lasite.fi\/index.php\/wp-json\/wp\/v2\/comments?post=353"}],"wp:featuredmedia":[{"embeddable":true,"href":"https:\/\/lasite.fi\/index.php\/wp-json\/wp\/v2\/media\/357"}],"wp:attachment":[{"href":"https:\/\/lasite.fi\/index.php\/wp-json\/wp\/v2\/media?parent=353"}],"wp:term":[{"taxonomy":"product_cat","embeddable":true,"href":"https:\/\/lasite.fi\/index.php\/wp-json\/wp\/v2\/product_cat?post=353"},{"taxonomy":"product_tag","embeddable":true,"href":"https:\/\/lasite.fi\/index.php\/wp-json\/wp\/v2\/product_tag?post=353"}],"curies":[{"name":"wp","href":"https:\/\/api.w.org\/{rel}","templated":true}]}}