{"id":429,"date":"2018-04-10T14:04:34","date_gmt":"2018-04-10T11:04:34","guid":{"rendered":"https:\/\/lasite.fi\/?post_type=product&#038;p=429"},"modified":"2025-05-02T12:46:29","modified_gmt":"2025-05-02T09:46:29","slug":"vihrea-kraklee","status":"publish","type":"product","link":"https:\/\/lasite.fi\/index.php\/tuote\/vihrea-kraklee\/","title":{"rendered":"VIHRE\u00c4 KRAKLEE"},"content":{"rendered":"","protected":false},"excerpt":{"rendered":"<p align=\"JUSTIFY\">Polttol\u00e4mp\u00f6tila 1230-1260 \u00baC.<\/p>\n<p><span style=\"color: #000000;\">Kiilt\u00e4v\u00e4 vihre\u00e4 hyvin s\u00e4r\u00f6ilev\u00e4 krakleelasite, sis\u00e4lt\u00e4\u00e4 pieni\u00e4 tummanharmaita pilkkuja. Paras lasituspaksuus on noin 2-3 kerrosta siveltimell\u00e4. Liian paksuna se voi valua, liian ohuesti lasitettuna pinta j\u00e4\u00e4 mattaharmaaksi. Kraklee-kuvion esiinsaamiseksi pinta k\u00e4sitell\u00e4\u00e4n teell\u00e4, kahvilla tai mustteella. Paras aika k\u00e4sittelyyn on pari p\u00e4iv\u00e4\u00e4 lasituspolton j\u00e4lkeen tai my\u00f6hemmin, jolloin s\u00e4r\u00f6ilu tihenee viel\u00e4 polton j\u00e4lkeen. S\u00e4r\u00f6ilyn tiheys riippuu my\u00f6s k\u00e4ytett\u00e4v\u00e4st\u00e4 savimassasta \u2013 esim. posliinilla s\u00e4r\u00f6ily j\u00e4\u00e4 suurikokoisemmaksi. Tuotekuvissa olevilla esineilla on k\u00e4ytetty Witgert-merkkist\u00e4 valkosavea. Vaikka krakleelasite on koostumukseltaan elintarvikekelvollinen, s\u00e4r\u00f6ilusta johtuen sen k\u00e4ytt\u00f6 elintarvikkeiden kanssa kosketuksiin joutuviin ruoka-astioihin ei ole hygieniasyist\u00e4 suositeltavaa.<\/span><\/p>\n","protected":false},"featured_media":433,"comment_status":"closed","ping_status":"closed","template":"","meta":{"_monsterinsights_skip_tracking":false,"_monsterinsights_sitenote_active":false,"_monsterinsights_sitenote_note":"","_monsterinsights_sitenote_category":0},"product_cat":[32],"product_tag":[21,45,22],"class_list":{"0":"post-429","1":"product","2":"type-product","3":"status-publish","4":"has-post-thumbnail","6":"product_cat-lasitteet","7":"product_tag-kiiltava","8":"product_tag-kraklee","9":"product_tag-vihrea","10":"pa_pakkauskoko-200_ml","11":"pa_pakkauskoko-900_ml","13":"first","14":"outofstock","15":"shipping-taxable","16":"purchasable","17":"product-type-variable"},"_links":{"self":[{"href":"https:\/\/lasite.fi\/index.php\/wp-json\/wp\/v2\/product\/429"}],"collection":[{"href":"https:\/\/lasite.fi\/index.php\/wp-json\/wp\/v2\/product"}],"about":[{"href":"https:\/\/lasite.fi\/index.php\/wp-json\/wp\/v2\/types\/product"}],"replies":[{"embeddable":true,"href":"https:\/\/lasite.fi\/index.php\/wp-json\/wp\/v2\/comments?post=429"}],"wp:featuredmedia":[{"embeddable":true,"href":"https:\/\/lasite.fi\/index.php\/wp-json\/wp\/v2\/media\/433"}],"wp:attachment":[{"href":"https:\/\/lasite.fi\/index.php\/wp-json\/wp\/v2\/media?parent=429"}],"wp:term":[{"taxonomy":"product_cat","embeddable":true,"href":"https:\/\/lasite.fi\/index.php\/wp-json\/wp\/v2\/product_cat?post=429"},{"taxonomy":"product_tag","embeddable":true,"href":"https:\/\/lasite.fi\/index.php\/wp-json\/wp\/v2\/product_tag?post=429"}],"curies":[{"name":"wp","href":"https:\/\/api.w.org\/{rel}","templated":true}]}}