{"id":52,"date":"2017-03-01T21:58:59","date_gmt":"2017-03-01T19:58:59","guid":{"rendered":"https:\/\/lasite.fi\/?post_type=product&#038;p=52"},"modified":"2025-11-23T17:05:20","modified_gmt":"2025-11-23T15:05:20","slug":"matta-musta","status":"publish","type":"product","link":"https:\/\/lasite.fi\/index.php\/tuote\/matta-musta\/","title":{"rendered":"MATTA MUSTA LASITE"},"content":{"rendered":"","protected":false},"excerpt":{"rendered":"<p>Polttol\u00e4mp\u00f6tila 1230-1260 <span style=\"color: #000000;\"><span style=\"font-family: Times New Roman,serif;\">\u00baC<\/span><\/span><\/p>\n<p><span style=\"color: #000000;\">Musta matta lasite. Ohuesti lasitettuna hieman kiilt\u00e4v\u00e4 mustahko-sininen. Paksu lasite antaa hieman hopeahkon s\u00e4vyn. Normaalisti ei valu, mutta liian paksu kerros voi valua.<\/span><\/p>\n","protected":false},"featured_media":53,"comment_status":"closed","ping_status":"closed","template":"","meta":{"_monsterinsights_skip_tracking":false,"_monsterinsights_sitenote_active":false,"_monsterinsights_sitenote_note":"","_monsterinsights_sitenote_category":0},"product_cat":[50],"product_tag":[10,12,11,19,26,31],"class_list":{"0":"post-52","1":"product","2":"type-product","3":"status-publish","4":"has-post-thumbnail","6":"product_cat-uncategorized","7":"product_tag-keramiikka","8":"product_tag-korkeanpoltto","9":"product_tag-lasite","10":"product_tag-lasitteet","11":"product_tag-matta","12":"product_tag-musta","13":"pa_pakkauskoko-200_ml","14":"pa_pakkauskoko-5_litraa","15":"pa_pakkauskoko-900_ml","17":"first","18":"instock","19":"shipping-taxable","20":"purchasable","21":"product-type-variable"},"_links":{"self":[{"href":"https:\/\/lasite.fi\/index.php\/wp-json\/wp\/v2\/product\/52"}],"collection":[{"href":"https:\/\/lasite.fi\/index.php\/wp-json\/wp\/v2\/product"}],"about":[{"href":"https:\/\/lasite.fi\/index.php\/wp-json\/wp\/v2\/types\/product"}],"replies":[{"embeddable":true,"href":"https:\/\/lasite.fi\/index.php\/wp-json\/wp\/v2\/comments?post=52"}],"wp:featuredmedia":[{"embeddable":true,"href":"https:\/\/lasite.fi\/index.php\/wp-json\/wp\/v2\/media\/53"}],"wp:attachment":[{"href":"https:\/\/lasite.fi\/index.php\/wp-json\/wp\/v2\/media?parent=52"}],"wp:term":[{"taxonomy":"product_cat","embeddable":true,"href":"https:\/\/lasite.fi\/index.php\/wp-json\/wp\/v2\/product_cat?post=52"},{"taxonomy":"product_tag","embeddable":true,"href":"https:\/\/lasite.fi\/index.php\/wp-json\/wp\/v2\/product_tag?post=52"}],"curies":[{"name":"wp","href":"https:\/\/api.w.org\/{rel}","templated":true}]}}